{"id":1103,"date":"2019-03-18T18:48:46","date_gmt":"2019-03-18T18:48:46","guid":{"rendered":"http:\/\/marialaet.com\/?page_id=1103"},"modified":"2024-06-20T15:17:44","modified_gmt":"2024-06-20T15:17:44","slug":"cv-resumido","status":"publish","type":"page","link":"http:\/\/marialaet.com\/en\/cv-resumido\/","title":{"rendered":"CV brief version"},"content":{"rendered":"<p><strong><u>Biennials<\/u><\/strong><\/p>\n<h3><strong>2022<\/strong><\/h3>\n<p>\u2014\u00a0<em>37th<em>\u00a0edition of the Panorama of Brazilian Art: Sob as cinzas, brasa.\u00a0<em><em>MAM SP. Curated by Claudinei Roberto da Silva, Vanessa Davidson, Cristiana Tejo e Cau\u00ea Alves<\/em><\/em><\/em><\/em><\/p>\n<p><strong>2018<\/strong><\/p>\n<p>\u2014 <em>33rd<em>\u00a0Bienal de S\u00e3o Paulo \u2013 Affective Affinities<\/em><\/em>, S\u00e3o Paulo, Brasil. Curadoria Gabriel P\u00e9rez- Barreiro<\/p>\n<p><em><strong>2012<\/strong><\/em><\/p>\n<p><em>\u2014 18th Biennale of Sydney: all our relations<\/em>, Art Gallery NSW and MCA, Sydney, Austr\u00e1lia. Curadoria Catherine de Zegher and Gerald McMaster<\/p>\n<p>&nbsp;<\/p>\n<p><strong><u>Solo shows<\/u><\/strong><\/p>\n<p><strong>2024<\/strong><\/p>\n<p>\u2013\u00a0<em>Infinita medida<\/em>. 3+1 Gallery, Lisbon.\u00a0Text\u00a0by Catarina Rosendo<\/p>\n<p><strong>2023<\/strong><\/p>\n<p>&#8211;\u00a0<em>Esse of\u00edcio de rabiscar sobre as coisas do tempo, exige que prestemos alguma aten\u00e7\u00e3o a natureza<\/em>\u00a0(CDA). Galeria A Gentil Carioca SP, Brasil. Text by Ana Rocha<\/p>\n<p><strong>2022<\/strong><\/p>\n<p>&#8211;\u00a0<em>Sustenta\u00e7\u00e3o e abismo,\u00a0<\/em>acervo aberto e trabalhos recentes. Galeria Marilia Razuk, SP, Brasil.\u00a0 \u00a0Curadoria Jos\u00e9 Augusto Ribeiro<\/p>\n<p><strong>2019\u00a0<\/strong><\/p>\n<p>&#8211;\u00a0<em>Quase um nada<\/em>, OTIUM#4, IAC \u2013 Institut of contemporary art- Villeurbanne\/ Rh\u00f4ne-Alpes. France. Curated by Nathalie Ergino.<\/p>\n<p>&#8211;\u00a0<em>Quase um nada<\/em>, Galeria 3+1, Lisboa, Portugal.<\/p>\n<p>&#8211;\u00a0<em>Sobrec\u00e9u<\/em>, Galeria do Lago, Museu da Rep\u00fablica, Rio de Janeiro, Brasil.<\/p>\n<p><strong>2018<\/strong><\/p>\n<p>\u2013\u00a0<em>Pore<\/em>, Marilia Razuk Gallery, S\u00e3o Paulo,\u00a0Brasil. Curated by Bernardo Jos\u00e9 de Souza<\/p>\n<p>\u2013\u00a0<em>Pore<\/em>, A Gentil Carioca Gallery, Rio de Janeiro,\u00a0Brasil. Curated by Bernardo Jos\u00e9 de Souza<\/p>\n<p><strong>2016<\/strong><\/p>\n<p>\u2013\u00a0<em>com a pele fina<\/em>, MdM Gallery, Paris, France<\/p>\n<p><strong>2014<\/strong><\/p>\n<p>\u2013\u00a0<em>Pedra V\u00e3o<\/em>, A Gentil Carioca Gallery, Rio de Janeiro, Brazil. Curated by Michael Asbury<\/p>\n<p>\u2013\u00a0<em>Situa\u00e7\u00e3o de \u00e1gua<\/em>, Marilia Razuk Gallery, S\u00e3o Paulo, Brazil. Curated by Luisa Duarte<\/p>\n<p>\u2013\u00a0<em>Jaro 3<\/em>, Rooster Gallery in association with Residency Unlimited, New York<\/p>\n<p><strong>2013<\/strong><\/p>\n<p>\u2013\u00a0<em>pela superf\u00edcie<\/em>, 3+1 Contemporary Art Gallery, Lisbon, Portugal<\/p>\n<p>\u2013\u00a0<em>La voix des choses<\/em>, MdM Gallery, Paris, France. Curated by Felipe Scovino<\/p>\n<p><strong>2012<\/strong><\/p>\n<p>\u2013\u00a0<em>O que vive \u00e9 espesso<\/em>, A Gentil Carioca L\u00e1 Gallery, Rio de Janeiro, Brazil. Curated by de Fred Coelho<\/p>\n<p><strong>2010<\/strong><\/p>\n<p>\u2013\u00a0<em>Gesto Minimo<\/em>, Riccardo Crespi Gallery, Milan, Italy. Curated by Federica Bueti<\/p>\n<p>\u2013\u00a0<em>Desenhos de Ar<\/em>, Centro Universit\u00e1rio Maria Antonia, S\u00e3o Paulo, Brazil<\/p>\n<p>\u2013\u00a0<em>Eu fiz o nada aparecer<\/em>\u00a0\u2014 A Gentil Carioca Gallery, Rio de Janeiro, Brazil<\/p>\n<p>&nbsp;<\/p>\n<p><strong><u>Selected group shows<\/u><\/strong><\/p>\n<p><strong>2024<\/strong><\/p>\n<p>&#8211;\u00a0<em>Lugar de estar: o legado de Burle Marx<\/em>\u00a0&#8211; Museu de Arte Moderna do Rio de Janeiro. Curadoria Beatriz Lemos, Isabela Ono e Pablo Lafuente<\/p>\n<p><strong>2023<\/strong><\/p>\n<p>&#8211;\u00a0<em>Chosen Memories: Contemporary Latin American Art from the Patricia Phelps de Cisneros Gift\u00a0<\/em><em>and Beyond<\/em>, &#8211; MoMA, NY. Curated by\u00a0In\u00e9s Katzenstein, curatorial assistance\u00a0Julia Detchon<\/p>\n<p>&#8211;\u00a0<em>Entre l\u00e1 &#8211;\u00a0<\/em><span class=\"\">Casa Conti &#8211; Ange Leccia Art Center, C\u00f3rsega, Fran\u00e7a. Curated by Madeleine Filippi and Claire Luna<\/span><\/p>\n<p>&#8211;\u00a0<em>Woman&#8217;s Work is Never Done &#8211;\u00a0<\/em>Richard Saltoun Gallery, London.\u00a0Curated\u00a0by Catherine de Zegher<\/p>\n<p><strong>2022<\/strong><\/p>\n<p>&#8211;\u00a0<i>Selon notre regard<\/i>,\u00a0Traf\u00f3 Art Center, Budapeste. Curated by Liberty Adrien<\/p>\n<p><strong>2021<\/strong><\/p>\n<p>&#8211;\u00a0<em>An(Other) Storyteller,\u00a0<\/em>exposi\u00e7\u00e3o on line\u00a0Vortic. Curated by Periferia Projects.<\/p>\n<p><strong>2020<\/strong><\/p>\n<p>&#8211;\u00a0<em>Ao ar, livre<\/em>, territ\u00f3rio Brasileiro.\u00a0Curated by Tiago de Abreu Pinto<\/p>\n<p><strong>2019\u00a0<\/strong><\/p>\n<p>&#8211;\u00a0<em>Matters of Concern<\/em>, La Verri\u00e8re, Foundation D\u2019entreprise Herm\u00e8s, Brussels, Belgium. Curadoria Guillaume D\u00e9sanges.<\/p>\n<p>&#8211;\u00a0<em>Manjar: Em tudo que vive, tudo que flui<\/em>, Solar dos Abacaxis, Rio de Janeiro.\u00a0Curated by\u00a0Ana Clara Sim\u00f5es Lopes e Keyna Eleison<\/p>\n<p>&#8211;\u00a0<span class=\"s1\"><i>Bauhaus: Utopia in Crisis,\u00a0<\/i><\/span>Camberwell Space, Camberwell College of Arts, London, UK.\u00a0Curated by Professor Daniel Sturgis (em breve)<\/p>\n<p>&#8211;\u00a0<em>Tecer mundos<\/em>, SESC Quitandinha, Petr\u00f3polis, Brasil. Curadoria Daniela Name.<\/p>\n<p>&#8211;\u00a0<em>Da linha, o fio<\/em>, Espa\u00e7o Cultural BNDES, Rio de Janeiro, Brasil. Curadoria Shannon Botelho.<\/p>\n<p>&#8211;\u00a0<em><span class=\"s1\">Apuntes para un tiempo geol\u00f3gico,<\/span><\/em><span class=\"s1\">\u00a0Galeria \u00c1ngeles Ba\u00f1os, Badajoz, Espanha.\u00a0Curadoria\u00a0Virginia Torrente<\/span><\/p>\n<p>&#8211;\u00a0<em>Play-list 2,\u00a0<\/em>Galeria<em>\u00a0<\/em>Martine Aboucaya, Paris, Fran\u00e7a.<\/p>\n<p><em>&#8211; Correspondance, autour de Jacques Roubaud,\u00a0Galeria<em>\u00a0<\/em>Martine Aboucaya, Paris, Fran\u00e7a.<\/em><\/p>\n<p><strong>2018<\/strong><\/p>\n<p>\u2013\u00a0<em>Cosmogonies, au gr\u00e9 des \u00e9l\u00e9ments,\u00a0<\/em>MAMAC, Nice, France.\u00a0Curated by\u00a0H\u00e9l\u00e8ne Guenin<\/p>\n<p><strong>2017<\/strong><\/p>\n<p>\u2013\u00a0<em>Video Art in Latin America,\u00a0<\/em>LAXART,\u00a0Los Angeles \u2013 Estados Unidos \/ USA. Curated by\u00a0Glenn Phillips e Elena Shtromberg<\/p>\n<p>\u2013\u00a0<em>The Valise<\/em>, The Museum of Modern Art, New York.\u00a0Curated by May Castleberry<\/p>\n<p>\u2013\u00a0<em>La Vie Aquatique<\/em>, Mus\u00e9e r\u00e9gional d\u2019art contemporain,\u00a0Occitanie \/ M\u00e9diterran\u00e9e, Fran\u00e7a. Curadoria Sandra Patron<\/p>\n<p>\u2013\u00a0<em>Imaginaires d\u2019un monde tranquille,\u00a0<\/em>Centre d\u2019art contemporain, Meymac, Fran\u00e7a. Curadoria\u00a0Caroline Bissi\u00e8re &amp; Jean-Paul Blanchet, avec Eglantine B\u00e9l\u00eatre<\/p>\n<p><strong>2016<\/strong><\/p>\n<p>\u2013\u00a0<em>Indel\u00e9vel<\/em>, Clube Jacaranda, Vila Aymor\u00e9, Rio de Janeiro, Brasil. Curated by\u00a0Vicente de Mello<\/p>\n<p><strong>2015<\/strong><\/p>\n<p>\u2013\u00a0<em>Tangents<\/em>, Museum of Fine Arts (MSK) in Ghent, Belgium. Curated by Catherine de Zegher<\/p>\n<p>\u2013\u00a0<em>Encruzilhada<\/em>, Parque Lage, Rio de Janeiro, Brazil. Curated by Bernardo Mosqueira<\/p>\n<p><strong>2014<\/strong><\/p>\n<p>\u2013\u00a0<em>Rumors of the Meteore<\/em>, FRAC Lorraine, Metz, France. Curated by Beatrice Josse<\/p>\n<p>\u2013\u00a0<em>Everydayness<\/em>, Wyspa Institute of Art, Gdansk, Poland. Curated by Beatrice Josse\u00a0and\u00a0Aneta Szy\u0142ak<\/p>\n<p>\u2013\u00a0<em>A Inven\u00e7\u00e3o da Praia<\/em>, Pa\u00e7o das Artes, S\u00e3o Paulo, Brazil. Curated by Paula Azulgaray<\/p>\n<p><strong>2013<\/strong><\/p>\n<p>\u2013\u00a0<em>Correspond\u00eancias<\/em>\u00a0(exposi\u00e7\u00e3o em homenagem ao centen\u00e1rio da artista Tomie Ohtake), Centro Cultural dos Correios, Rio de Janeiro. Curated by Agnaldo Farias e Paulo Miyada<\/p>\n<p>\u2013\u00a0<em>Lugar Comum<\/em>, SESC Quitandinha, Petr\u00f3polis. Curated by Marcelo Campos<\/p>\n<p>\u2013\u00a0<em>Week-end of Latin America, <\/em>Quai Branly Museum, Paris, France.<\/p>\n<p><strong>2012<\/strong><\/p>\n<p>\u2013\u00a0<em>From the Margin to the Edge<\/em>, Somerset House, Londres, Inglaterra. Curated by Rafael Cardoso<\/p>\n<p>\u2013\u00a0<em>Convite \u00e0 Viagem<\/em>, Rumos Ita\u00fa Cultural Artes Visuais, S\u00e3o Paulo, Brasil. Curated by Agnaldo Farias, Ana Maria Maia, Felipe Scovino, Gabriela Motta, Paulo Miyada, Alejandra Mu\u00f1oz, Carlos Franzoi, J\u00falio Martins, Luiza Proen\u00e7a, Marcelo Campos, Matias Monteiro, Sanzia Pinheiro e V\u00e2nia Leal<\/p>\n<p><strong>2010<\/strong><\/p>\n<p>\u2013\u00a0<em>O lugar da linha<\/em>, Museu de Arte Contempor\u00e2nea, Niter\u00f3i, Brasil\/ Pa\u00e7o das Artes, S\u00e3o Paulo,\u00a0Brasil. Curated by Felipe Scovino<\/p>\n<p><strong>2009<\/strong><\/p>\n<p>\u2013\u00a0<em>TrAIN to Bad Ems<\/em>, Galerie Nord, Berlin, Alemanha. Curated by de Dani\u00e8le Perrier<\/p>\n<p><strong>2008<\/strong><\/p>\n<p>\u2013\u00a0<em>Realidades Imposibles<\/em>, Fototeca Juan Malpica Mimendi, Vera Cruz, Mexico<\/p>\n<p>\u2013\u00a0<em>MA Theory and Practice of Transnational Art<\/em>, House Gallery, London, England. Curated by Michael Asbury<\/p>\n<p>\u2013\u00a0<em>MA Theory and Practice of Transnational Art<\/em>, Camberwell College of Arts, London, England. Curated by Michael Asbury<\/p>\n<p><strong>2007<\/strong><\/p>\n<p>\u2013\u00a0<em>Novas Aquisi\u00e7\u00f5es 2006\/2007<\/em>, Cole\u00e7\u00e3o Gilberto Chateaubriand, Museu de Arte Moderna, Rio de Janeiro, Brasil<\/p>\n<p><strong>\u00a0<\/strong><\/p>\n<p><strong><u>Collections<\/u><\/strong><\/p>\n<p>MAM, Gilberto Chateaubriand, Rio de Janeiro, Brasil<\/p>\n<p>MAC, Niter\u00f3i, Brasil<\/p>\n<p>49 Nord 6 est \u2013 Frac Lorraine, Metz, France<\/p>\n<p>MSK, Ghent, Belgium<\/p>\n<p>Colecci\u00f3n Patricia Phelps de Cisneros<\/p>\n<p>AGI, Verona, Italy<\/p>\n<p>Maria Cristina Masaveu Peterson Foundation, Madrid, Spain<\/p>\n<p>Figueiredo Ferraz Institute, S\u00e3o Paulo, Brasil<\/p>\n<p>MoMA, New York<\/p>\n<p>Special Collections, The Getty Research Institute<\/p>\n<p>Rare Books and Special Collection, Princeton University<\/p>\n<p>The Bienecke Rare Book and Manuscript Library, Yale University<\/p>\n<p>Ivorypress Artist\u2019s Books Collection, Madrid<\/p>\n<p>Ur\u00eda Men\u00e9ndez Collection, Spain<\/p>\n<p>MAR, Rio de Janeiro<\/p>\n<p>&nbsp;<\/p>","protected":false},"excerpt":{"rendered":"<p>Biennials 2022 \u2014\u00a037th\u00a0edition of the Panorama of Brazilian Art: Sob [&hellip;]<\/p>\n","protected":false},"author":1,"featured_media":0,"parent":0,"menu_order":0,"comment_status":"closed","ping_status":"closed","template":"","meta":{"jetpack_post_was_ever_published":false,"footnotes":""},"class_list":["post-1103","page","type-page","status-publish","hentry"],"jetpack_sharing_enabled":true,"jetpack_shortlink":"https:\/\/wp.me\/P8avjY-hN","_links":{"self":[{"href":"http:\/\/marialaet.com\/en\/wp-json\/wp\/v2\/pages\/1103","targetHints":{"allow":["GET"]}}],"collection":[{"href":"http:\/\/marialaet.com\/en\/wp-json\/wp\/v2\/pages"}],"about":[{"href":"http:\/\/marialaet.com\/en\/wp-json\/wp\/v2\/types\/page"}],"author":[{"embeddable":true,"href":"http:\/\/marialaet.com\/en\/wp-json\/wp\/v2\/users\/1"}],"replies":[{"embeddable":true,"href":"http:\/\/marialaet.com\/en\/wp-json\/wp\/v2\/comments?post=1103"}],"version-history":[{"count":40,"href":"http:\/\/marialaet.com\/en\/wp-json\/wp\/v2\/pages\/1103\/revisions"}],"predecessor-version":[{"id":2030,"href":"http:\/\/marialaet.com\/en\/wp-json\/wp\/v2\/pages\/1103\/revisions\/2030"}],"wp:attachment":[{"href":"http:\/\/marialaet.com\/en\/wp-json\/wp\/v2\/media?parent=1103"}],"curies":[{"name":"wp","href":"https:\/\/api.w.org\/{rel}","templated":true}]}}