{"id":511,"date":"2017-01-13T18:06:44","date_gmt":"2017-01-13T18:06:44","guid":{"rendered":"http:\/\/marialaet.com\/?page_id=511"},"modified":"2020-05-04T21:40:43","modified_gmt":"2020-05-04T21:40:43","slug":"credit","status":"publish","type":"page","link":"http:\/\/marialaet.com\/en\/credit\/","title":{"rendered":"Credits"},"content":{"rendered":"<p>&nbsp;<\/p>\n<p><strong>Ala d&#8217;Amico<\/strong>\u00a0&#8211;\u00a0Fotografia\u00a0de arquivo e divulga\u00e7\u00e3o: Exposi\u00e7\u00e3o &#8216;La voix des choses&#8217;, 2013.<\/p>\n<p><strong>Allan Chiu<\/strong>\u00a0-Fotografia: S\u00e9rie Di\u00e1logo (Bal\u00e3o e corpo), 2007.<\/p>\n<p><strong>Ana Laet<\/strong>\u00a0-Fotografia:\u00a0Gaze e \u00e1gua (rio), 2006.<\/p>\n<p><strong>Anthony Sousa<\/strong>\u00a0&#8211;\u00a0Programa\u00e7\u00e3o site, 2016.<\/p>\n<p><strong>Boca do Trambone &#8211;\u00a0<\/strong>Instala\u00e7\u00e3o de \u00e1udio: A medida da voz, 2019<\/p>\n<p><strong>Catarina Botelho<\/strong>\u00a0&#8211; Fotografia de v\u00eddeo: Poente, 2013<\/p>\n<p><strong>Cecilia Costa<\/strong>\u00a0&#8211; Performance: Duas pedras, 2012.<\/p>\n<p><strong>Cela Luz<\/strong>\u00a0-Fotografia de arquivo e divulga\u00e7\u00e3o: Recostura, 2019<\/p>\n<p><strong>Delfino Sisto Legnani<\/strong>\u00a0-Fotografia de arquivo e divulga\u00e7\u00e3o: Exposi\u00e7\u00e3o &#8216;Gesto M\u00ednimo&#8217;, 2010.<\/p>\n<p><strong>Evangelia Kranioti<\/strong>\u00a0-Fotografia:\u00a0Sem T\u00edtulo (Neve) e\u00a0Sem T\u00edtulo (Linha e Neve), 2010.<\/p>\n<p><strong>Gr\u00e9gory Copitet<\/strong>\u00a0-Fotografia de arquivo e divulga\u00e7\u00e3o:\u00a0Exposi\u00e7\u00e3o &#8216;com a pele fina&#8217;, 2016.<\/p>\n<p><strong>Gustavo Pessoa<\/strong>\u00a0-Fotografia, capta\u00e7\u00e3o de \u00e1udio e edi\u00e7\u00e3o de v\u00eddeo: Abismo das Superf\u00edcies, 2018<\/p>\n<p><strong>I\u00f1igo Martinez<\/strong>\u00a0-Fotografia de arquivo e divulga\u00e7\u00e3o:\u00a0Sobre a pele de uma lima da p\u00e9rsia, 2016.Fotografia para o v\u00eddeo: Dupli Autocopiant (Vai passar), 2016.<\/p>\n<p><strong>Jo\u00e3o Laet<\/strong>\u00a0&#8211; Fotografia: Sem T\u00edtulo (Aus\u00eancia) e\u00a0Sem Titulo (Gangorra), 2011; Sobrec\u00e9u, 2018. Fotografia de arquivo e divulga\u00e7\u00e3o:\u00a0Sem T\u00edtulo (Rachadura) 2009; Atividade interna, 2017; The Valise, 2017; Vazio contido, 2017; Sobrec\u00e9u, 2018;<\/p>\n<p><strong>Jo\u00e3o S\u00e1nchez, Est\u00fadio Baren<\/strong>\u00a0&#8211; Impress\u00e3o: Gaze, 2013; Sopro, 2013, Dobra, 2015; Caminho 2015; Instante cinza, 2020. Grava\u00e7\u00e3o e impress\u00e3o:\u00a0Sobre a pele de uma lima da p\u00e9rsia, 2016; Chuva, 2014; Sobrec\u00e9u, 2018; Sem T\u00edtulo (Casa), 2018.<\/p>\n<p><strong>Lucia Mindlin Loeb<\/strong>\u00a0&#8211;\u00a0Fotografia de arquivo e divulga\u00e7\u00e3o: Exposi\u00e7\u00e3o &#8216;Situa\u00e7\u00e3o de \u00e1gua&#8217;, 2014.<\/p>\n<p><strong>Luiza Baldan<\/strong>\u00a0&#8211; Fotografia de arquivo e divulga\u00e7\u00e3o: Exposi\u00e7\u00e3o &#8216;O lugar da linha&#8217;, Pa\u00e7o das artes, S\u00e3o Paulo, 2010.<\/p>\n<p><strong>Manuel \u00c1guas<\/strong>\u00a0&#8211; Fotografia e V\u00eddeo: Terra (Parque Lage), 2015; A medida da voz, 2019; Imers\u00e3o, 2020; Tran\u00e7a (Homenagem \u00e0 Tunga) 1.<\/p>\n<p><strong>Maria Cristina Laet<\/strong>\u00a0&#8211; Encaderna\u00e7\u00e3o: Daquilo que n\u00e3o se v\u00ea, 2016.<\/p>\n<p><strong>Mario Grisolli<\/strong>\u00a0&#8211; Fotografia de arquivo e divulga\u00e7\u00e3o: Dobra, Caminho, Gaze, Sobro, S\u00e9rie Di\u00e1logo (Sopro),\u00a0S\u00e9rie Di\u00e1logo (Bal\u00e3o e Corpo), Dois, Sobre o que n\u00e3o se cont\u00e9m.\u00a0Fotos\u00a0para o v\u00eddeo: Daquilo que n\u00e3o se v\u00ea.<\/p>\n<p><strong>Mark Tomlinson<\/strong>\u00a0&#8211; Encaderna\u00e7\u00e3o: Caminho, 2016. Projeto The Valise, MoMA.<\/p>\n<p><strong>Matheus de Castro Oliveira<\/strong>\u00a0&#8211; Edi\u00e7\u00e3o de v\u00eddeo: Notas sobre o limite do mar<\/p>\n<p><strong>Nicolas Salagnac<\/strong>\u00a0&#8211; Sculpture:\u00a0Memory of the Breath<\/p>\n<p><strong>Olivia Cunha<\/strong>\u00a0&#8211; Performance: S\u00e9rie Di\u00e1logo (Sopro), 2008.<\/p>\n<p><strong>Otavio Shipper<\/strong>\u00a0&#8211; Fotografia: Vestido, 2005.<\/p>\n<p><strong>Paulo Innoc\u00eancio<\/strong>\u00a0&#8211; Fotografia de arquivo e divulga\u00e7\u00e3o: Vestido, 2005; Exposi\u00e7\u00e3o &#8216;Eu fiz o nada aparecer&#8217;, 2010.<\/p>\n<p><strong>Pedro Dulci<\/strong>\u00a0&#8211; Edi\u00e7\u00e3o dos v\u00eddeos: Propaga\u00e7\u00e3o; Pneuma; Leito; Daquilo que n\u00e3o se v\u00ea; Caminho; Terra (Parque Lage); Terra (Canudos); Separa\u00e7\u00e3o; Dupli Autocopiant (Vai passar); Tran\u00e7a (Homenagem a Tunga) 1.<\/p>\n<p><strong>Pedro Loretto<\/strong>\u00a0&#8211; Fotografia de v\u00eddeo: Pneuma e Notas sobre o limite do mar.<\/p>\n<p><strong>Reginaldo Mendon\u00e7a<\/strong> &#8211; produ\u00e7\u00e3o dos vasos de A medida da voz, 2019<\/p>\n<p><strong>Ricardo Mansur<\/strong> &#8211; Capta\u00e7\u00e3o e edi\u00e7\u00e3o de \u00e1udio: A medida da voz, 2019<\/p>\n<p><strong>SUMA Filmes<\/strong>\u00a0&#8211; Fotografia de v\u00eddeo: Leito, Seesaw e Separa\u00e7\u00e3o.<\/p>\n<p><strong>Thiago Barros<\/strong>\u00a0&#8211; Fotografia:\u00a0Sem T\u00edtulo (Tentativa de notar o limite do mar), 2009; Sustenta\u00e7\u00e3o, 2010\/ 2020. Fotografia para reprodu\u00e7\u00e3o, arquivo e divulga\u00e7\u00e3o: Sobrec\u00e9u, 2018.<\/p>\n<p><strong>Tim Malik<\/strong>\u00a0&#8211; Performance e capta\u00e7\u00e3o de \u00e1udio: Pneuma, 2010\/ 2016.<\/p>\n<p><strong>Tom Colebrook<\/strong>\u00a0&#8211; Fotografia: Milk on Pavement e Sem T\u00edtulo (Areia, Londres).<\/p>\n<p><strong>Vanderlei Jos\u00e9 da Silva<\/strong> &#8211; Instala\u00e7\u00e3o dos vasos em A medida da voz, 2019.<\/p>\n<p><strong>Vicente de Mello<\/strong>\u00a0-Fotografia de arquivo e divulga\u00e7\u00e3o: Exposi\u00e7\u00e3o &#8216;Indel\u00e9vel&#8217;, 2016<\/p>\n<p><strong>Vozes em A medida da voz<\/strong>:\u00a0Ana Miguel, Beth Nabuco, Carlos Vergara, Celo Frankel, Ernesto Neto, Isabel Diegues, Marcos Chaves, Maria Cristina Laet.<\/p>","protected":false},"excerpt":{"rendered":"<p>&nbsp; Ala d&#8217;Amico\u00a0&#8211;\u00a0Fotografia\u00a0de arquivo e divulga\u00e7\u00e3o: Exposi\u00e7\u00e3o &#8216;La voix des [&hellip;]<\/p>\n","protected":false},"author":1,"featured_media":0,"parent":0,"menu_order":0,"comment_status":"closed","ping_status":"closed","template":"","meta":{"jetpack_post_was_ever_published":false,"footnotes":""},"class_list":["post-511","page","type-page","status-publish","hentry"],"jetpack_sharing_enabled":true,"jetpack_shortlink":"https:\/\/wp.me\/P8avjY-8f","_links":{"self":[{"href":"http:\/\/marialaet.com\/en\/wp-json\/wp\/v2\/pages\/511","targetHints":{"allow":["GET"]}}],"collection":[{"href":"http:\/\/marialaet.com\/en\/wp-json\/wp\/v2\/pages"}],"about":[{"href":"http:\/\/marialaet.com\/en\/wp-json\/wp\/v2\/types\/page"}],"author":[{"embeddable":true,"href":"http:\/\/marialaet.com\/en\/wp-json\/wp\/v2\/users\/1"}],"replies":[{"embeddable":true,"href":"http:\/\/marialaet.com\/en\/wp-json\/wp\/v2\/comments?post=511"}],"version-history":[{"count":35,"href":"http:\/\/marialaet.com\/en\/wp-json\/wp\/v2\/pages\/511\/revisions"}],"predecessor-version":[{"id":1489,"href":"http:\/\/marialaet.com\/en\/wp-json\/wp\/v2\/pages\/511\/revisions\/1489"}],"wp:attachment":[{"href":"http:\/\/marialaet.com\/en\/wp-json\/wp\/v2\/media?parent=511"}],"curies":[{"name":"wp","href":"https:\/\/api.w.org\/{rel}","templated":true}]}}